{"id":337,"date":"2018-03-05T15:00:28","date_gmt":"2018-03-05T14:00:28","guid":{"rendered":"http:\/\/lafetedesvoisins.be\/jorganise-une-fete\/"},"modified":"2018-11-15T11:56:57","modified_gmt":"2018-11-15T10:56:57","slug":"organiseer-uw-feestje","status":"publish","type":"page","link":"https:\/\/lafetedesvoisins.be\/nl\/organiseer-uw-feestje\/","title":{"rendered":"Organiseer jouw feestje"},"content":{"rendered":"","protected":false},"excerpt":{"rendered":"","protected":false},"author":1,"featured_media":995,"parent":0,"menu_order":0,"comment_status":"closed","ping_status":"closed","template":"template-marche a\u0300 suivre.php","meta":{"_acf_changed":false,"footnotes":""},"class_list":["post-337","page","type-page","status-publish","has-post-thumbnail","hentry"],"acf":[],"yoast_head":"<!-- This site is optimized with the Yoast SEO plugin v22.4 - https:\/\/yoast.com\/wordpress\/plugins\/seo\/ -->\n<title>Organiseer jouw feestje - La F\u00eate des Voisins - Dag van de Buren<\/title>\n<meta name=\"robots\" content=\"index, follow, max-snippet:-1, max-image-preview:large, max-video-preview:-1\" \/>\n<link rel=\"canonical\" href=\"https:\/\/lafetedesvoisins.be\/nl\/organiseer-uw-feestje\/\" \/>\n<meta property=\"og:locale\" content=\"nl_NL\" \/>\n<meta property=\"og:type\" content=\"article\" \/>\n<meta property=\"og:title\" content=\"Organiseer jouw feestje - La F\u00eate des Voisins - Dag van de Buren\" \/>\n<meta property=\"og:url\" content=\"https:\/\/lafetedesvoisins.be\/nl\/organiseer-uw-feestje\/\" \/>\n<meta property=\"og:site_name\" content=\"La F\u00eate des Voisins - Dag van de Buren\" \/>\n<meta property=\"article:modified_time\" content=\"2018-11-15T10:56:57+00:00\" \/>\n<meta name=\"twitter:card\" content=\"summary_large_image\" \/>\n<script type=\"application\/ld+json\" class=\"yoast-schema-graph\">{\"@context\":\"https:\/\/schema.org\",\"@graph\":[{\"@type\":\"WebPage\",\"@id\":\"https:\/\/lafetedesvoisins.be\/nl\/organiseer-uw-feestje\/\",\"url\":\"https:\/\/lafetedesvoisins.be\/nl\/organiseer-uw-feestje\/\",\"name\":\"Organiseer jouw feestje - La F\u00eate des Voisins - Dag van de Buren\",\"isPartOf\":{\"@id\":\"https:\/\/lafetedesvoisins.be\/#website\"},\"primaryImageOfPage\":{\"@id\":\"https:\/\/lafetedesvoisins.be\/nl\/organiseer-uw-feestje\/#primaryimage\"},\"image\":{\"@id\":\"https:\/\/lafetedesvoisins.be\/nl\/organiseer-uw-feestje\/#primaryimage\"},\"thumbnailUrl\":\"https:\/\/i0.wp.com\/lafetedesvoisins.be\/wp-content\/uploads\/2018\/11\/Apropos_Imageprincipale.jpg?fit=2800%2C1980&ssl=1\",\"datePublished\":\"2018-03-05T14:00:28+00:00\",\"dateModified\":\"2018-11-15T10:56:57+00:00\",\"breadcrumb\":{\"@id\":\"https:\/\/lafetedesvoisins.be\/nl\/organiseer-uw-feestje\/#breadcrumb\"},\"inLanguage\":\"nl-NL\",\"potentialAction\":[{\"@type\":\"ReadAction\",\"target\":[\"https:\/\/lafetedesvoisins.be\/nl\/organiseer-uw-feestje\/\"]}]},{\"@type\":\"ImageObject\",\"inLanguage\":\"nl-NL\",\"@id\":\"https:\/\/lafetedesvoisins.be\/nl\/organiseer-uw-feestje\/#primaryimage\",\"url\":\"https:\/\/i0.wp.com\/lafetedesvoisins.be\/wp-content\/uploads\/2018\/11\/Apropos_Imageprincipale.jpg?fit=2800%2C1980&ssl=1\",\"contentUrl\":\"https:\/\/i0.wp.com\/lafetedesvoisins.be\/wp-content\/uploads\/2018\/11\/Apropos_Imageprincipale.jpg?fit=2800%2C1980&ssl=1\",\"width\":2800,\"height\":1980},{\"@type\":\"BreadcrumbList\",\"@id\":\"https:\/\/lafetedesvoisins.be\/nl\/organiseer-uw-feestje\/#breadcrumb\",\"itemListElement\":[{\"@type\":\"ListItem\",\"position\":1,\"name\":\"Accueil\",\"item\":\"https:\/\/lafetedesvoisins.be\/nl\/\"},{\"@type\":\"ListItem\",\"position\":2,\"name\":\"Organiseer jouw feestje\"}]},{\"@type\":\"WebSite\",\"@id\":\"https:\/\/lafetedesvoisins.be\/#website\",\"url\":\"https:\/\/lafetedesvoisins.be\/\",\"name\":\"La F\u00eate des Voisins - Dag van de Buren\",\"description\":\"La F\u00eate des Voisins revient le 31 mai 2024 ! Une opportunit\u00e9 pour se rencontrer et faire rayonner nos quartiers. - Dag van de Buren is terug op 31 mei 2024!, een gelegenheid om elkaar te ontmoeten en om de wijken te doen stralen.\",\"potentialAction\":[{\"@type\":\"SearchAction\",\"target\":{\"@type\":\"EntryPoint\",\"urlTemplate\":\"https:\/\/lafetedesvoisins.be\/?s={search_term_string}\"},\"query-input\":\"required name=search_term_string\"}],\"inLanguage\":\"nl-NL\"}]}<\/script>\n<!-- \/ Yoast SEO plugin. -->","yoast_head_json":{"title":"Organiseer jouw feestje - La F\u00eate des Voisins - Dag van de Buren","robots":{"index":"index","follow":"follow","max-snippet":"max-snippet:-1","max-image-preview":"max-image-preview:large","max-video-preview":"max-video-preview:-1"},"canonical":"https:\/\/lafetedesvoisins.be\/nl\/organiseer-uw-feestje\/","og_locale":"nl_NL","og_type":"article","og_title":"Organiseer jouw feestje - La F\u00eate des Voisins - Dag van de Buren","og_url":"https:\/\/lafetedesvoisins.be\/nl\/organiseer-uw-feestje\/","og_site_name":"La F\u00eate des Voisins - Dag van de Buren","article_modified_time":"2018-11-15T10:56:57+00:00","twitter_card":"summary_large_image","schema":{"@context":"https:\/\/schema.org","@graph":[{"@type":"WebPage","@id":"https:\/\/lafetedesvoisins.be\/nl\/organiseer-uw-feestje\/","url":"https:\/\/lafetedesvoisins.be\/nl\/organiseer-uw-feestje\/","name":"Organiseer jouw feestje - La F\u00eate des Voisins - Dag van de Buren","isPartOf":{"@id":"https:\/\/lafetedesvoisins.be\/#website"},"primaryImageOfPage":{"@id":"https:\/\/lafetedesvoisins.be\/nl\/organiseer-uw-feestje\/#primaryimage"},"image":{"@id":"https:\/\/lafetedesvoisins.be\/nl\/organiseer-uw-feestje\/#primaryimage"},"thumbnailUrl":"https:\/\/i0.wp.com\/lafetedesvoisins.be\/wp-content\/uploads\/2018\/11\/Apropos_Imageprincipale.jpg?fit=2800%2C1980&ssl=1","datePublished":"2018-03-05T14:00:28+00:00","dateModified":"2018-11-15T10:56:57+00:00","breadcrumb":{"@id":"https:\/\/lafetedesvoisins.be\/nl\/organiseer-uw-feestje\/#breadcrumb"},"inLanguage":"nl-NL","potentialAction":[{"@type":"ReadAction","target":["https:\/\/lafetedesvoisins.be\/nl\/organiseer-uw-feestje\/"]}]},{"@type":"ImageObject","inLanguage":"nl-NL","@id":"https:\/\/lafetedesvoisins.be\/nl\/organiseer-uw-feestje\/#primaryimage","url":"https:\/\/i0.wp.com\/lafetedesvoisins.be\/wp-content\/uploads\/2018\/11\/Apropos_Imageprincipale.jpg?fit=2800%2C1980&ssl=1","contentUrl":"https:\/\/i0.wp.com\/lafetedesvoisins.be\/wp-content\/uploads\/2018\/11\/Apropos_Imageprincipale.jpg?fit=2800%2C1980&ssl=1","width":2800,"height":1980},{"@type":"BreadcrumbList","@id":"https:\/\/lafetedesvoisins.be\/nl\/organiseer-uw-feestje\/#breadcrumb","itemListElement":[{"@type":"ListItem","position":1,"name":"Accueil","item":"https:\/\/lafetedesvoisins.be\/nl\/"},{"@type":"ListItem","position":2,"name":"Organiseer jouw feestje"}]},{"@type":"WebSite","@id":"https:\/\/lafetedesvoisins.be\/#website","url":"https:\/\/lafetedesvoisins.be\/","name":"La F\u00eate des Voisins - Dag van de Buren","description":"La F\u00eate des Voisins revient le 31 mai 2024 ! Une opportunit\u00e9 pour se rencontrer et faire rayonner nos quartiers. - Dag van de Buren is terug op 31 mei 2024!, een gelegenheid om elkaar te ontmoeten en om de wijken te doen stralen.","potentialAction":[{"@type":"SearchAction","target":{"@type":"EntryPoint","urlTemplate":"https:\/\/lafetedesvoisins.be\/?s={search_term_string}"},"query-input":"required name=search_term_string"}],"inLanguage":"nl-NL"}]}},"_links":{"self":[{"href":"https:\/\/lafetedesvoisins.be\/nl\/wp-json\/wp\/v2\/pages\/337","targetHints":{"allow":["GET"]}}],"collection":[{"href":"https:\/\/lafetedesvoisins.be\/nl\/wp-json\/wp\/v2\/pages"}],"about":[{"href":"https:\/\/lafetedesvoisins.be\/nl\/wp-json\/wp\/v2\/types\/page"}],"author":[{"embeddable":true,"href":"https:\/\/lafetedesvoisins.be\/nl\/wp-json\/wp\/v2\/users\/1"}],"replies":[{"embeddable":true,"href":"https:\/\/lafetedesvoisins.be\/nl\/wp-json\/wp\/v2\/comments?post=337"}],"version-history":[{"count":6,"href":"https:\/\/lafetedesvoisins.be\/nl\/wp-json\/wp\/v2\/pages\/337\/revisions"}],"predecessor-version":[{"id":983,"href":"https:\/\/lafetedesvoisins.be\/nl\/wp-json\/wp\/v2\/pages\/337\/revisions\/983"}],"wp:featuredmedia":[{"embeddable":true,"href":"https:\/\/lafetedesvoisins.be\/nl\/wp-json\/wp\/v2\/media\/995"}],"wp:attachment":[{"href":"https:\/\/lafetedesvoisins.be\/nl\/wp-json\/wp\/v2\/media?parent=337"}],"curies":[{"name":"wp","href":"https:\/\/api.w.org\/{rel}","templated":true}]}}