{"id":3394,"date":"2025-05-12T09:51:18","date_gmt":"2025-05-12T07:51:18","guid":{"rendered":"https:\/\/lafetedesvoisins.be\/?page_id=3394"},"modified":"2025-06-10T18:21:36","modified_gmt":"2025-06-10T16:21:36","slug":"nickel","status":"publish","type":"page","link":"https:\/\/lafetedesvoisins.be\/nl\/nickel\/","title":{"rendered":"Nickel"},"content":{"rendered":"","protected":false},"excerpt":{"rendered":"","protected":false},"author":3,"featured_media":3399,"parent":0,"menu_order":0,"comment_status":"closed","ping_status":"closed","template":"template-nickel.php","meta":{"_acf_changed":false,"footnotes":""},"acf":[],"yoast_head":"<!-- This site is optimized with the Yoast SEO plugin v22.4 - https:\/\/yoast.com\/wordpress\/plugins\/seo\/ -->\n<title>Nickel - La F\u00eate des Voisins - Dag van de Buren<\/title>\n<meta name=\"robots\" content=\"index, follow, max-snippet:-1, max-image-preview:large, max-video-preview:-1\" \/>\n<link rel=\"canonical\" href=\"https:\/\/lafetedesvoisins.be\/nl\/nickel\/\" \/>\n<meta property=\"og:locale\" content=\"nl_NL\" \/>\n<meta property=\"og:type\" content=\"article\" \/>\n<meta property=\"og:title\" content=\"Nickel - La F\u00eate des Voisins - Dag van de Buren\" \/>\n<meta property=\"og:url\" content=\"https:\/\/lafetedesvoisins.be\/nl\/nickel\/\" \/>\n<meta property=\"og:site_name\" content=\"La F\u00eate des Voisins - Dag van de Buren\" \/>\n<meta property=\"article:modified_time\" content=\"2025-06-10T16:21:36+00:00\" \/>\n<meta property=\"og:image\" content=\"https:\/\/lafetedesvoisins.be\/wp-content\/uploads\/2025\/05\/WhatsApp-Image-2025-05-09-at-10.48.27.jpeg\" \/>\n\t<meta property=\"og:image:width\" content=\"1600\" \/>\n\t<meta property=\"og:image:height\" content=\"900\" \/>\n\t<meta property=\"og:image:type\" content=\"image\/jpeg\" \/>\n<meta name=\"twitter:card\" content=\"summary_large_image\" \/>\n<meta name=\"twitter:label1\" content=\"Geschatte leestijd\" \/>\n\t<meta name=\"twitter:data1\" content=\"3 minuten\" \/>\n<script type=\"application\/ld+json\" class=\"yoast-schema-graph\">{\"@context\":\"https:\/\/schema.org\",\"@graph\":[{\"@type\":\"WebPage\",\"@id\":\"https:\/\/lafetedesvoisins.be\/nl\/nickel\/\",\"url\":\"https:\/\/lafetedesvoisins.be\/nl\/nickel\/\",\"name\":\"Nickel - La F\u00eate des Voisins - Dag van de Buren\",\"isPartOf\":{\"@id\":\"https:\/\/lafetedesvoisins.be\/#website\"},\"primaryImageOfPage\":{\"@id\":\"https:\/\/lafetedesvoisins.be\/nl\/nickel\/#primaryimage\"},\"image\":{\"@id\":\"https:\/\/lafetedesvoisins.be\/nl\/nickel\/#primaryimage\"},\"thumbnailUrl\":\"https:\/\/i0.wp.com\/lafetedesvoisins.be\/wp-content\/uploads\/2025\/05\/WhatsApp-Image-2025-05-09-at-10.48.27.jpeg?fit=1600%2C900&ssl=1\",\"datePublished\":\"2025-05-12T07:51:18+00:00\",\"dateModified\":\"2025-06-10T16:21:36+00:00\",\"breadcrumb\":{\"@id\":\"https:\/\/lafetedesvoisins.be\/nl\/nickel\/#breadcrumb\"},\"inLanguage\":\"nl-NL\",\"potentialAction\":[{\"@type\":\"ReadAction\",\"target\":[\"https:\/\/lafetedesvoisins.be\/nl\/nickel\/\"]}]},{\"@type\":\"ImageObject\",\"inLanguage\":\"nl-NL\",\"@id\":\"https:\/\/lafetedesvoisins.be\/nl\/nickel\/#primaryimage\",\"url\":\"https:\/\/i0.wp.com\/lafetedesvoisins.be\/wp-content\/uploads\/2025\/05\/WhatsApp-Image-2025-05-09-at-10.48.27.jpeg?fit=1600%2C900&ssl=1\",\"contentUrl\":\"https:\/\/i0.wp.com\/lafetedesvoisins.be\/wp-content\/uploads\/2025\/05\/WhatsApp-Image-2025-05-09-at-10.48.27.jpeg?fit=1600%2C900&ssl=1\",\"width\":1600,\"height\":900},{\"@type\":\"BreadcrumbList\",\"@id\":\"https:\/\/lafetedesvoisins.be\/nl\/nickel\/#breadcrumb\",\"itemListElement\":[{\"@type\":\"ListItem\",\"position\":1,\"name\":\"Accueil\",\"item\":\"https:\/\/lafetedesvoisins.be\/nl\/\"},{\"@type\":\"ListItem\",\"position\":2,\"name\":\"Nickel\"}]},{\"@type\":\"WebSite\",\"@id\":\"https:\/\/lafetedesvoisins.be\/#website\",\"url\":\"https:\/\/lafetedesvoisins.be\/\",\"name\":\"La F\u00eate des Voisins - Dag van de Buren\",\"description\":\"La F\u00eate des Voisins revient le 31 mai 2024 ! Une opportunit\u00e9 pour se rencontrer et faire rayonner nos quartiers. - Dag van de Buren is terug op 31 mei 2024!, een gelegenheid om elkaar te ontmoeten en om de wijken te doen stralen.\",\"potentialAction\":[{\"@type\":\"SearchAction\",\"target\":{\"@type\":\"EntryPoint\",\"urlTemplate\":\"https:\/\/lafetedesvoisins.be\/?s={search_term_string}\"},\"query-input\":\"required name=search_term_string\"}],\"inLanguage\":\"nl-NL\"}]}<\/script>\n<!-- \/ Yoast SEO plugin. -->","yoast_head_json":{"title":"Nickel - La F\u00eate des Voisins - Dag van de Buren","robots":{"index":"index","follow":"follow","max-snippet":"max-snippet:-1","max-image-preview":"max-image-preview:large","max-video-preview":"max-video-preview:-1"},"canonical":"https:\/\/lafetedesvoisins.be\/nl\/nickel\/","og_locale":"nl_NL","og_type":"article","og_title":"Nickel - La F\u00eate des Voisins - Dag van de Buren","og_url":"https:\/\/lafetedesvoisins.be\/nl\/nickel\/","og_site_name":"La F\u00eate des Voisins - Dag van de Buren","article_modified_time":"2025-06-10T16:21:36+00:00","og_image":[{"width":1600,"height":900,"url":"https:\/\/lafetedesvoisins.be\/wp-content\/uploads\/2025\/05\/WhatsApp-Image-2025-05-09-at-10.48.27.jpeg","type":"image\/jpeg"}],"twitter_card":"summary_large_image","twitter_misc":{"Geschatte leestijd":"3 minuten"},"schema":{"@context":"https:\/\/schema.org","@graph":[{"@type":"WebPage","@id":"https:\/\/lafetedesvoisins.be\/nl\/nickel\/","url":"https:\/\/lafetedesvoisins.be\/nl\/nickel\/","name":"Nickel - La F\u00eate des Voisins - Dag van de Buren","isPartOf":{"@id":"https:\/\/lafetedesvoisins.be\/#website"},"primaryImageOfPage":{"@id":"https:\/\/lafetedesvoisins.be\/nl\/nickel\/#primaryimage"},"image":{"@id":"https:\/\/lafetedesvoisins.be\/nl\/nickel\/#primaryimage"},"thumbnailUrl":"https:\/\/i0.wp.com\/lafetedesvoisins.be\/wp-content\/uploads\/2025\/05\/WhatsApp-Image-2025-05-09-at-10.48.27.jpeg?fit=1600%2C900&ssl=1","datePublished":"2025-05-12T07:51:18+00:00","dateModified":"2025-06-10T16:21:36+00:00","breadcrumb":{"@id":"https:\/\/lafetedesvoisins.be\/nl\/nickel\/#breadcrumb"},"inLanguage":"nl-NL","potentialAction":[{"@type":"ReadAction","target":["https:\/\/lafetedesvoisins.be\/nl\/nickel\/"]}]},{"@type":"ImageObject","inLanguage":"nl-NL","@id":"https:\/\/lafetedesvoisins.be\/nl\/nickel\/#primaryimage","url":"https:\/\/i0.wp.com\/lafetedesvoisins.be\/wp-content\/uploads\/2025\/05\/WhatsApp-Image-2025-05-09-at-10.48.27.jpeg?fit=1600%2C900&ssl=1","contentUrl":"https:\/\/i0.wp.com\/lafetedesvoisins.be\/wp-content\/uploads\/2025\/05\/WhatsApp-Image-2025-05-09-at-10.48.27.jpeg?fit=1600%2C900&ssl=1","width":1600,"height":900},{"@type":"BreadcrumbList","@id":"https:\/\/lafetedesvoisins.be\/nl\/nickel\/#breadcrumb","itemListElement":[{"@type":"ListItem","position":1,"name":"Accueil","item":"https:\/\/lafetedesvoisins.be\/nl\/"},{"@type":"ListItem","position":2,"name":"Nickel"}]},{"@type":"WebSite","@id":"https:\/\/lafetedesvoisins.be\/#website","url":"https:\/\/lafetedesvoisins.be\/","name":"La F\u00eate des Voisins - Dag van de Buren","description":"La F\u00eate des Voisins revient le 31 mai 2024 ! Une opportunit\u00e9 pour se rencontrer et faire rayonner nos quartiers. - Dag van de Buren is terug op 31 mei 2024!, een gelegenheid om elkaar te ontmoeten en om de wijken te doen stralen.","potentialAction":[{"@type":"SearchAction","target":{"@type":"EntryPoint","urlTemplate":"https:\/\/lafetedesvoisins.be\/?s={search_term_string}"},"query-input":"required name=search_term_string"}],"inLanguage":"nl-NL"}]}},"_links":{"self":[{"href":"https:\/\/lafetedesvoisins.be\/nl\/wp-json\/wp\/v2\/pages\/3394"}],"collection":[{"href":"https:\/\/lafetedesvoisins.be\/nl\/wp-json\/wp\/v2\/pages"}],"about":[{"href":"https:\/\/lafetedesvoisins.be\/nl\/wp-json\/wp\/v2\/types\/page"}],"author":[{"embeddable":true,"href":"https:\/\/lafetedesvoisins.be\/nl\/wp-json\/wp\/v2\/users\/3"}],"replies":[{"embeddable":true,"href":"https:\/\/lafetedesvoisins.be\/nl\/wp-json\/wp\/v2\/comments?post=3394"}],"version-history":[{"count":10,"href":"https:\/\/lafetedesvoisins.be\/nl\/wp-json\/wp\/v2\/pages\/3394\/revisions"}],"predecessor-version":[{"id":3718,"href":"https:\/\/lafetedesvoisins.be\/nl\/wp-json\/wp\/v2\/pages\/3394\/revisions\/3718"}],"wp:featuredmedia":[{"embeddable":true,"href":"https:\/\/lafetedesvoisins.be\/nl\/wp-json\/wp\/v2\/media\/3399"}],"wp:attachment":[{"href":"https:\/\/lafetedesvoisins.be\/nl\/wp-json\/wp\/v2\/media?parent=3394"}],"curies":[{"name":"wp","href":"https:\/\/api.w.org\/{rel}","templated":true}]}}