{"id":3635,"date":"2025-05-21T22:22:35","date_gmt":"2025-05-21T20:22:35","guid":{"rendered":"https:\/\/lafetedesvoisins.be\/?page_id=3635"},"modified":"2025-05-30T11:03:52","modified_gmt":"2025-05-30T09:03:52","slug":"ikea","status":"publish","type":"page","link":"https:\/\/lafetedesvoisins.be\/nl\/ikea\/","title":{"rendered":"Ikea"},"content":{"rendered":"","protected":false},"excerpt":{"rendered":"","protected":false},"author":3,"featured_media":3616,"parent":0,"menu_order":0,"comment_status":"closed","ping_status":"closed","template":"template-ikea.php","meta":{"_acf_changed":false,"footnotes":""},"acf":[],"yoast_head":"<!-- This site is optimized with the Yoast SEO plugin v22.4 - https:\/\/yoast.com\/wordpress\/plugins\/seo\/ -->\n<title>Ikea - La F\u00eate des Voisins - Dag van de Buren<\/title>\n<meta name=\"robots\" content=\"index, follow, max-snippet:-1, max-image-preview:large, max-video-preview:-1\" \/>\n<link rel=\"canonical\" href=\"https:\/\/lafetedesvoisins.be\/nl\/ikea\/\" \/>\n<meta property=\"og:locale\" content=\"nl_NL\" \/>\n<meta property=\"og:type\" content=\"article\" \/>\n<meta property=\"og:title\" content=\"Ikea - La F\u00eate des Voisins - Dag van de Buren\" \/>\n<meta property=\"og:url\" content=\"https:\/\/lafetedesvoisins.be\/nl\/ikea\/\" \/>\n<meta property=\"og:site_name\" content=\"La F\u00eate des Voisins - Dag van de Buren\" \/>\n<meta property=\"article:modified_time\" content=\"2025-05-30T09:03:52+00:00\" \/>\n<meta property=\"og:image\" content=\"https:\/\/lafetedesvoisins.be\/wp-content\/uploads\/2025\/05\/ikea_banner_nl.png\" \/>\n\t<meta property=\"og:image:width\" content=\"1920\" \/>\n\t<meta property=\"og:image:height\" content=\"1080\" \/>\n\t<meta property=\"og:image:type\" content=\"image\/png\" \/>\n<meta name=\"twitter:card\" content=\"summary_large_image\" \/>\n<meta name=\"twitter:label1\" content=\"Geschatte leestijd\" \/>\n\t<meta name=\"twitter:data1\" content=\"4 minuten\" \/>\n<script type=\"application\/ld+json\" class=\"yoast-schema-graph\">{\"@context\":\"https:\/\/schema.org\",\"@graph\":[{\"@type\":\"WebPage\",\"@id\":\"https:\/\/lafetedesvoisins.be\/nl\/ikea\/\",\"url\":\"https:\/\/lafetedesvoisins.be\/nl\/ikea\/\",\"name\":\"Ikea - La F\u00eate des Voisins - Dag van de Buren\",\"isPartOf\":{\"@id\":\"https:\/\/lafetedesvoisins.be\/#website\"},\"primaryImageOfPage\":{\"@id\":\"https:\/\/lafetedesvoisins.be\/nl\/ikea\/#primaryimage\"},\"image\":{\"@id\":\"https:\/\/lafetedesvoisins.be\/nl\/ikea\/#primaryimage\"},\"thumbnailUrl\":\"https:\/\/i0.wp.com\/lafetedesvoisins.be\/wp-content\/uploads\/2025\/05\/ikea_banner_nl.png?fit=1920%2C1080&ssl=1\",\"datePublished\":\"2025-05-21T20:22:35+00:00\",\"dateModified\":\"2025-05-30T09:03:52+00:00\",\"breadcrumb\":{\"@id\":\"https:\/\/lafetedesvoisins.be\/nl\/ikea\/#breadcrumb\"},\"inLanguage\":\"nl-NL\",\"potentialAction\":[{\"@type\":\"ReadAction\",\"target\":[\"https:\/\/lafetedesvoisins.be\/nl\/ikea\/\"]}]},{\"@type\":\"ImageObject\",\"inLanguage\":\"nl-NL\",\"@id\":\"https:\/\/lafetedesvoisins.be\/nl\/ikea\/#primaryimage\",\"url\":\"https:\/\/i0.wp.com\/lafetedesvoisins.be\/wp-content\/uploads\/2025\/05\/ikea_banner_nl.png?fit=1920%2C1080&ssl=1\",\"contentUrl\":\"https:\/\/i0.wp.com\/lafetedesvoisins.be\/wp-content\/uploads\/2025\/05\/ikea_banner_nl.png?fit=1920%2C1080&ssl=1\",\"width\":1920,\"height\":1080},{\"@type\":\"BreadcrumbList\",\"@id\":\"https:\/\/lafetedesvoisins.be\/nl\/ikea\/#breadcrumb\",\"itemListElement\":[{\"@type\":\"ListItem\",\"position\":1,\"name\":\"Accueil\",\"item\":\"https:\/\/lafetedesvoisins.be\/nl\/\"},{\"@type\":\"ListItem\",\"position\":2,\"name\":\"Ikea\"}]},{\"@type\":\"WebSite\",\"@id\":\"https:\/\/lafetedesvoisins.be\/#website\",\"url\":\"https:\/\/lafetedesvoisins.be\/\",\"name\":\"La F\u00eate des Voisins - Dag van de Buren\",\"description\":\"La F\u00eate des Voisins revient le 31 mai 2024 ! Une opportunit\u00e9 pour se rencontrer et faire rayonner nos quartiers. - Dag van de Buren is terug op 31 mei 2024!, een gelegenheid om elkaar te ontmoeten en om de wijken te doen stralen.\",\"potentialAction\":[{\"@type\":\"SearchAction\",\"target\":{\"@type\":\"EntryPoint\",\"urlTemplate\":\"https:\/\/lafetedesvoisins.be\/?s={search_term_string}\"},\"query-input\":\"required name=search_term_string\"}],\"inLanguage\":\"nl-NL\"}]}<\/script>\n<!-- \/ Yoast SEO plugin. -->","yoast_head_json":{"title":"Ikea - La F\u00eate des Voisins - Dag van de Buren","robots":{"index":"index","follow":"follow","max-snippet":"max-snippet:-1","max-image-preview":"max-image-preview:large","max-video-preview":"max-video-preview:-1"},"canonical":"https:\/\/lafetedesvoisins.be\/nl\/ikea\/","og_locale":"nl_NL","og_type":"article","og_title":"Ikea - La F\u00eate des Voisins - Dag van de Buren","og_url":"https:\/\/lafetedesvoisins.be\/nl\/ikea\/","og_site_name":"La F\u00eate des Voisins - Dag van de Buren","article_modified_time":"2025-05-30T09:03:52+00:00","og_image":[{"width":1920,"height":1080,"url":"https:\/\/lafetedesvoisins.be\/wp-content\/uploads\/2025\/05\/ikea_banner_nl.png","type":"image\/png"}],"twitter_card":"summary_large_image","twitter_misc":{"Geschatte leestijd":"4 minuten"},"schema":{"@context":"https:\/\/schema.org","@graph":[{"@type":"WebPage","@id":"https:\/\/lafetedesvoisins.be\/nl\/ikea\/","url":"https:\/\/lafetedesvoisins.be\/nl\/ikea\/","name":"Ikea - La F\u00eate des Voisins - Dag van de Buren","isPartOf":{"@id":"https:\/\/lafetedesvoisins.be\/#website"},"primaryImageOfPage":{"@id":"https:\/\/lafetedesvoisins.be\/nl\/ikea\/#primaryimage"},"image":{"@id":"https:\/\/lafetedesvoisins.be\/nl\/ikea\/#primaryimage"},"thumbnailUrl":"https:\/\/i0.wp.com\/lafetedesvoisins.be\/wp-content\/uploads\/2025\/05\/ikea_banner_nl.png?fit=1920%2C1080&ssl=1","datePublished":"2025-05-21T20:22:35+00:00","dateModified":"2025-05-30T09:03:52+00:00","breadcrumb":{"@id":"https:\/\/lafetedesvoisins.be\/nl\/ikea\/#breadcrumb"},"inLanguage":"nl-NL","potentialAction":[{"@type":"ReadAction","target":["https:\/\/lafetedesvoisins.be\/nl\/ikea\/"]}]},{"@type":"ImageObject","inLanguage":"nl-NL","@id":"https:\/\/lafetedesvoisins.be\/nl\/ikea\/#primaryimage","url":"https:\/\/i0.wp.com\/lafetedesvoisins.be\/wp-content\/uploads\/2025\/05\/ikea_banner_nl.png?fit=1920%2C1080&ssl=1","contentUrl":"https:\/\/i0.wp.com\/lafetedesvoisins.be\/wp-content\/uploads\/2025\/05\/ikea_banner_nl.png?fit=1920%2C1080&ssl=1","width":1920,"height":1080},{"@type":"BreadcrumbList","@id":"https:\/\/lafetedesvoisins.be\/nl\/ikea\/#breadcrumb","itemListElement":[{"@type":"ListItem","position":1,"name":"Accueil","item":"https:\/\/lafetedesvoisins.be\/nl\/"},{"@type":"ListItem","position":2,"name":"Ikea"}]},{"@type":"WebSite","@id":"https:\/\/lafetedesvoisins.be\/#website","url":"https:\/\/lafetedesvoisins.be\/","name":"La F\u00eate des Voisins - Dag van de Buren","description":"La F\u00eate des Voisins revient le 31 mai 2024 ! Une opportunit\u00e9 pour se rencontrer et faire rayonner nos quartiers. - Dag van de Buren is terug op 31 mei 2024!, een gelegenheid om elkaar te ontmoeten en om de wijken te doen stralen.","potentialAction":[{"@type":"SearchAction","target":{"@type":"EntryPoint","urlTemplate":"https:\/\/lafetedesvoisins.be\/?s={search_term_string}"},"query-input":"required name=search_term_string"}],"inLanguage":"nl-NL"}]}},"_links":{"self":[{"href":"https:\/\/lafetedesvoisins.be\/nl\/wp-json\/wp\/v2\/pages\/3635"}],"collection":[{"href":"https:\/\/lafetedesvoisins.be\/nl\/wp-json\/wp\/v2\/pages"}],"about":[{"href":"https:\/\/lafetedesvoisins.be\/nl\/wp-json\/wp\/v2\/types\/page"}],"author":[{"embeddable":true,"href":"https:\/\/lafetedesvoisins.be\/nl\/wp-json\/wp\/v2\/users\/3"}],"replies":[{"embeddable":true,"href":"https:\/\/lafetedesvoisins.be\/nl\/wp-json\/wp\/v2\/comments?post=3635"}],"version-history":[{"count":4,"href":"https:\/\/lafetedesvoisins.be\/nl\/wp-json\/wp\/v2\/pages\/3635\/revisions"}],"predecessor-version":[{"id":3679,"href":"https:\/\/lafetedesvoisins.be\/nl\/wp-json\/wp\/v2\/pages\/3635\/revisions\/3679"}],"wp:featuredmedia":[{"embeddable":true,"href":"https:\/\/lafetedesvoisins.be\/nl\/wp-json\/wp\/v2\/media\/3616"}],"wp:attachment":[{"href":"https:\/\/lafetedesvoisins.be\/nl\/wp-json\/wp\/v2\/media?parent=3635"}],"curies":[{"name":"wp","href":"https:\/\/api.w.org\/{rel}","templated":true}]}}